{"id":74,"date":"2024-05-08T12:58:49","date_gmt":"2024-05-08T12:58:49","guid":{"rendered":"https:\/\/cretelovers.com\/allgemeine-geschaftsbedingungen-verkauf-ebook\/"},"modified":"2025-01-21T09:31:03","modified_gmt":"2025-01-21T09:31:03","slug":"allgemeine-geschaftsbedingungen-verkauf-ebook","status":"publish","type":"page","link":"https:\/\/cretelovers.com\/de\/allgemeine-geschaftsbedingungen-verkauf-ebook\/","title":{"rendered":"Allgemeine Gesch\u00e4ftsbedingungen &#8211; ebook"},"content":{"rendered":"\n<p>AGBs zum 21. Dezember 2022<\/p>\n\n<h2 class=\"wp-block-heading\" id=\"t-1639558242257\"><strong>1. Herausgeber der Website<\/strong><\/h2>\n\n<p>Die Website CreteLovers.com geh\u00f6rt der Firma REGION LOVERS SAS.<\/p>\n\n<p>Eingetragener Sitz: 2 rue des sauveteurs, 76600 Le Havre, Frankreich<\/p>\n\n<p>Kontakt: Claire (at) regionlovers.fr oder <a href=\"https:\/\/cretelovers.com\/de\/kontakt\/\" target=\"_blank\" rel=\"noreferrer noopener\">benutzen Sie das Formular hier<\/a>.<\/p>\n\n<p>Die vorliegenden Bedingungen k\u00f6nnen jederzeit ohne Vorank\u00fcndigung von CreteLovers.com ge\u00e4ndert werden.<\/p>\n\n<h2 class=\"wp-block-heading\" id=\"t-1639558242258\"><strong>2. Anwendungsbereich und Beschreibung der Artikel<\/strong><\/h2>\n\n<p>Die vorliegenden Allgemeinen Gesch\u00e4ftsbedingungen gelten f\u00fcr alle Verk\u00e4ufe, die auf der Website CreteLovers.com abgeschlossen werden.<\/p>\n\n<p>Die Website CreteLovers.com bietet geistige Werke in digitaler Form (PDF) zum Verkauf an.<br\/>Die digitalen B\u00fccher (oder eBooks), die auf CreteLovers.com verkauft werden, sind digitale Dateien mit geistigen Werken, die zum Herunterladen und Lesen auf elektronischen Ger\u00e4ten (Computer, Smartphones, Tablets usw.) bestimmt sind.<br\/>Die digitalen Werke sind durch die franz\u00f6sischen und internationalen Urheberrechtsgesetze gesch\u00fctzt.<\/p>\n\n<h2 class=\"wp-block-heading\" id=\"t-1639558242259\"><strong>3. Geistiges Eigentum<\/strong><\/h2>\n\n<p>Die heruntergeladenen Dateien sind ausschlie\u00dflich f\u00fcr die Nutzung durch den K\u00e4ufer bestimmt.\nJede Darstellung oder Vervielf\u00e4ltigung dieser Dateien, ganz oder teilweise, au\u00dferhalb der in Artikel L122-5 des Gesetzes \u00fcber geistiges Eigentum vorgesehenen F\u00e4lle, ist strengstens untersagt und kann den Inhaber strafrechtlich verfolgen. <\/p>\n\n<h2 class=\"wp-block-heading\" id=\"t-1639558242260\"><strong>4. Befehle<\/strong><\/h2>\n\n<p>Alle Auftr\u00e4ge werden \u00fcber die Sendowl-Plattform abgewickelt. Die Zahlung erfolgt bei der Bestellung.<br\/>Der Kunde muss mindestens 18 Jahre alt und gesch\u00e4ftsf\u00e4hig sein oder eine elterliche Erlaubnis besitzen, um eine Bestellung bei CreteLovers.com aufzugeben.<br\/>Der Klick auf die Schaltfl\u00e4che &#8222;Bestellen&#8220; oder &#8222;Bezahlen&#8220; auf dem Bildschirm, der die Bestellung zusammenfasst, und die ausdr\u00fcckliche Annahme der vorliegenden Allgemeinen Gesch\u00e4ftsbedingungen durch ein Dialogfeld stellen eine elektronische Unterschrift dar, die die vorbehaltlose Zustimmung des Kunden zu den vorliegenden Allgemeinen Gesch\u00e4ftsbedingungen (einschlie\u00dflich des Preises pro Einheit) f\u00fcr jede gekaufte Datei bescheinigt. Der Kunde verzichtet damit auf die Geltendmachung widersprechender Dokumente, insbesondere seiner eigenen Allgemeinen Einkaufsbedingungen.<br\/>Der Kunde kann seine Bestellung bis zur Best\u00e4tigung der Bezahlung seiner Bestellung aufgeben. Jede Bestellung, die ein Betrugsrisikoprofil aufweist, kann vom Administrator in der Zahlungsphase blockiert werden.<\/p>\n\n<h2 class=\"wp-block-heading\" id=\"t-1639558242261\"><strong>5. Verf\u00fcgbarkeit der eBooks &#8211; Lieferung<\/strong><\/h2>\n\n<p>Nach der Bestellung kann das eBook \u00fcber den Best\u00e4tigungsbildschirm heruntergeladen werden.<br\/>Eine E-Mail mit einem Download-Link wird ebenfalls gesendet.<br\/>Der Download-Link ist 1 Jahr lang und f\u00fcr maximal 10 Downloads g\u00fcltig.<br\/>Der Administrator dieser Website kann nicht f\u00fcr technische Probleme haftbar gemacht werden, die au\u00dferhalb seiner Kontrolle liegen, wie z.B. Verbindungsprobleme aufgrund von Internetprovidern oder Computerprobleme aufgrund der Hardware oder Software des Kunden.<\/p>\n\n<h2 class=\"wp-block-heading\" id=\"t-1639558242262\"><strong>5. Preis<\/strong><\/h2>\n\n<p>Die Preise der Produkte sind netto in Euro einschlie\u00dflich aller Steuern.<br\/>Alle Bestellungen werden in Euro berechnet und sind bei der Bestellung in Euro zahlbar.<\/p>\n\n<h2 class=\"wp-block-heading\" id=\"t-1639558242263\"><strong>6. Zahlung<\/strong><\/h2>\n\n<p>Der Preis ist in voller H\u00f6he und in einer einzigen Zahlung bei der Bestellung f\u00e4llig.<br\/>Die Bezahlung der Eink\u00e4ufe erfolgt per Kreditkarte (\u00fcber Stripe) oder Paypal. Die Banktransaktion wird zum Zeitpunkt der Bestellung durchgef\u00fchrt.<\/p>\n\n<h2 class=\"wp-block-heading\" id=\"t-1639558242264\"><strong>7. Garantie, R\u00fcckgabe und Erstattung<\/strong><\/h2>\n\n<p><strong>Produktgarantie<\/strong><br\/>Wenn eine PDF fehlerhaft ist, k\u00f6nnen Sie das digitale Produkt innerhalb von 14 Tagen per E-Mail an uns zur\u00fccksenden. Nach Erhalt des fehlerhaften Buches wird Ihnen ein neuer Artikel zum Download angeboten.<\/p>\n\n<p><strong>Recht auf Widerruf<\/strong><br\/>Digitale Dateien k\u00f6nnen nicht zur\u00fcckgegeben werden.<br\/>Wenn Sie die Datei noch nicht heruntergeladen haben, k\u00f6nnen Sie innerhalb von 14 Tagen nach dem Kauf eine R\u00fcckerstattung beantragen &#8211; <a href=\"https:\/\/cretelovers.com\/de\/kontakt\/\" target=\"_blank\" rel=\"noreferrer noopener\">nutzen Sie das Formular hier<\/a> oder antworten Sie auf die Best\u00e4tigungs-E-Mail.<br\/>Wenn Sie ein Problem mit dem Download des eBooks haben, kontaktieren Sie mich bitte \u00fcber das unten stehende Formular.<\/p>\n\n<p><strong>Verfahren der R\u00fcckgabe<\/strong><br\/>Wenn Sie einen Artikel zur\u00fcckgeben m\u00f6chten, kontaktieren Sie mich bitte.<\/p>\n\n<h2 class=\"wp-block-heading\" id=\"t-1639558242265\"><strong>8. Schutz von pers\u00f6nlichen Daten<\/strong><\/h2>\n\n<p>Die Informationen, die vom Kunden angefordert werden, sind notwendig, um die Auftr\u00e4ge zu bearbeiten. Diese Informationen und Daten werden auch zu Sicherheitszwecken aufbewahrt, um den gesetzlichen und regulatorischen Verpflichtungen nachzukommen. Diese Daten werden \u00fcber die SendOwl-Plattform gespeichert<a href=\"https:\/\/www.sendowl.com\/privacy\" target=\"_blank\" rel=\"noreferrer noopener\">(siehe deren Bedingungen<\/a>).<br\/>Die Verarbeitung personenbezogener Daten erfolgt in \u00dcbereinstimmung mit dem Gesetz \u00fcber Informatik, Dateien und Freiheiten vom 6. Januar 1978. Jede Person, die sich auf dieser Website registriert, hat das Recht auf Zugang und Berichtigung ihrer pers\u00f6nlichen Daten. Bitte kontaktieren Sie mich.<\/p>\n\n<h2 class=\"wp-block-heading\" id=\"t-1639558242266\"><strong>9. Verantwortung<\/strong><\/h2>\n\n<p>CreteLovers.com \u00fcbernimmt keine Haftung f\u00fcr die Nichterf\u00fcllung des Vertrags aufgrund h\u00f6herer Gewalt (Streik, \u00dcberschwemmung, Feuer, Offline-Verkaufsplattform&#8230;).<\/p>\n\n<p>Der Autor hat erhebliche Anstrengungen unternommen, um sicherzustellen, dass die Informationen in dem elektronischen Buch (eBook) zum Zeitpunkt der Ver\u00f6ffentlichung korrekt sind.\nDer Leser muss jedoch seine Entscheidungen auf der Grundlage der tats\u00e4chlichen Bedingungen vor Ort und seiner pers\u00f6nlichen F\u00e4higkeiten (physisch und fahrerisch) treffen.\nAlle Ratschl\u00e4ge und Meinungen, die in diesem elektronischen Buch (eBook) zum Ausdruck kommen, sind subjektive Meinungen des Autors.\nDer Autor \u00fcbernimmt keine Verantwortung f\u00fcr Verluste, Verletzungen oder Unannehmlichkeiten, die sich aus der Nutzung oder dem Missbrauch der in diesem Leitfaden enthaltenen Informationen ergeben.   <\/p>\n\n<h2 class=\"wp-block-heading\" id=\"t-1639558242267\"><strong>10. Anwendbares Recht<\/strong><\/h2>\n\n<p>Der Verkauf von Produkten unterliegt dem franz\u00f6sischen Recht.<br\/>Die Webseite, die AGB und die \u00fcber die Webseite get\u00e4tigten Bestellungen und deren Ausf\u00fchrung unterliegen ausschlie\u00dflich dem franz\u00f6sischen Recht. Alle Streitigkeiten in Bezug auf die Auslegung oder Ausf\u00fchrung der AGB oder einer Bestellung werden nach franz\u00f6sischem Recht entschieden und fallen in den Zust\u00e4ndigkeitsbereich des Gerichts am Wohnort des Kunden oder, nach Wahl des Kunden, am Ort der tats\u00e4chlichen Lieferung des Produkts.<\/p>\n","protected":false},"excerpt":{"rendered":"<p>AGBs zum 21. Dezember 2022 1. Herausgeber der Website Die Website CreteLovers.com geh\u00f6rt der Firma REGION LOVERS SAS. Eingetragener Sitz: 2 rue des sauveteurs, 76600 Le Havre, Frankreich Kontakt: Claire (at) regionlovers.fr oder benutzen Sie das Formular hier. Die vorliegenden Bedingungen k\u00f6nnen jederzeit ohne Vorank\u00fcndigung von CreteLovers.com ge\u00e4ndert werden. 2. Anwendungsbereich und Beschreibung der Artikel [&hellip;]<\/p>\n","protected":false},"author":1,"featured_media":0,"parent":0,"menu_order":0,"comment_status":"closed","ping_status":"closed","template":"","meta":{"_genesis_hide_title":false,"_genesis_hide_breadcrumbs":false,"_genesis_hide_singular_image":false,"_genesis_hide_footer_widgets":false,"_genesis_custom_body_class":"","_genesis_custom_post_class":"","_genesis_layout":"","footnotes":""},"class_list":{"0":"post-74","1":"page","2":"type-page","3":"status-publish","5":"entry"},"yoast_head":"<!-- This site is optimized with the Yoast SEO plugin v27.2 - https:\/\/yoast.com\/product\/yoast-seo-wordpress\/ -->\n<title>Allgemeine Gesch\u00e4ftsbedingungen - ebook<\/title>\n<meta name=\"description\" content=\"Allgemeine Gesch\u00e4ftsbedingungen f\u00fcr den Verkauf unserer ebooks\" \/>\n<meta name=\"robots\" content=\"index, follow, max-snippet:-1, max-image-preview:large, max-video-preview:-1\" \/>\n<link rel=\"canonical\" href=\"https:\/\/cretelovers.com\/de\/allgemeine-geschaftsbedingungen-verkauf-ebook\/\" \/>\n<meta property=\"og:locale\" content=\"de_DE\" \/>\n<meta property=\"og:type\" content=\"article\" \/>\n<meta property=\"og:title\" content=\"Allgemeine Gesch\u00e4ftsbedingungen - ebook\" \/>\n<meta property=\"og:description\" content=\"Allgemeine Gesch\u00e4ftsbedingungen f\u00fcr den Verkauf unserer ebooks\" \/>\n<meta property=\"og:url\" content=\"https:\/\/cretelovers.com\/de\/allgemeine-geschaftsbedingungen-verkauf-ebook\/\" \/>\n<meta property=\"og:site_name\" content=\"Crete Lovers\" \/>\n<meta property=\"article:modified_time\" content=\"2025-01-21T09:31:03+00:00\" \/>\n<meta name=\"twitter:card\" content=\"summary_large_image\" \/>\n<meta name=\"twitter:label1\" content=\"Gesch\u00e4tzte Lesezeit\" \/>\n\t<meta name=\"twitter:data1\" content=\"4 Minuten\" \/>\n<script type=\"application\/ld+json\" class=\"yoast-schema-graph\">{\"@context\":\"https:\/\/schema.org\",\"@graph\":[{\"@type\":\"WebPage\",\"@id\":\"https:\/\/cretelovers.com\/de\/allgemeine-geschaftsbedingungen-verkauf-ebook\/\",\"url\":\"https:\/\/cretelovers.com\/de\/allgemeine-geschaftsbedingungen-verkauf-ebook\/\",\"name\":\"Allgemeine Gesch\u00e4ftsbedingungen - ebook\",\"isPartOf\":{\"@id\":\"https:\/\/cretelovers.com\/de\/#website\"},\"datePublished\":\"2024-05-08T12:58:49+00:00\",\"dateModified\":\"2025-01-21T09:31:03+00:00\",\"description\":\"Allgemeine Gesch\u00e4ftsbedingungen f\u00fcr den Verkauf unserer ebooks\",\"breadcrumb\":{\"@id\":\"https:\/\/cretelovers.com\/de\/allgemeine-geschaftsbedingungen-verkauf-ebook\/#breadcrumb\"},\"inLanguage\":\"de-DE\",\"potentialAction\":[{\"@type\":\"ReadAction\",\"target\":[\"https:\/\/cretelovers.com\/de\/allgemeine-geschaftsbedingungen-verkauf-ebook\/\"]}]},{\"@type\":\"BreadcrumbList\",\"@id\":\"https:\/\/cretelovers.com\/de\/allgemeine-geschaftsbedingungen-verkauf-ebook\/#breadcrumb\",\"itemListElement\":[{\"@type\":\"ListItem\",\"position\":1,\"name\":\"Accueil\",\"item\":\"https:\/\/cretelovers.com\/de\/\"},{\"@type\":\"ListItem\",\"position\":2,\"name\":\"Allgemeine Gesch\u00e4ftsbedingungen &#8211; ebook\"}]},{\"@type\":\"WebSite\",\"@id\":\"https:\/\/cretelovers.com\/de\/#website\",\"url\":\"https:\/\/cretelovers.com\/de\/\",\"name\":\"Crete Lovers\",\"description\":\"\",\"publisher\":{\"@id\":\"https:\/\/cretelovers.com\/de\/#organization\"},\"potentialAction\":[{\"@type\":\"SearchAction\",\"target\":{\"@type\":\"EntryPoint\",\"urlTemplate\":\"https:\/\/cretelovers.com\/de\/?s={search_term_string}\"},\"query-input\":{\"@type\":\"PropertyValueSpecification\",\"valueRequired\":true,\"valueName\":\"search_term_string\"}}],\"inLanguage\":\"de-DE\"},{\"@type\":\"Organization\",\"@id\":\"https:\/\/cretelovers.com\/de\/#organization\",\"name\":\"Crete Lovers\",\"url\":\"https:\/\/cretelovers.com\/de\/\",\"logo\":{\"@type\":\"ImageObject\",\"inLanguage\":\"de-DE\",\"@id\":\"https:\/\/cretelovers.com\/de\/#\/schema\/logo\/image\/\",\"url\":\"https:\/\/cretelovers.com\/wp-content\/uploads\/2024\/05\/cropped-Crete-Lovers-Logos-RVB_Principal-bicolore.png\",\"contentUrl\":\"https:\/\/cretelovers.com\/wp-content\/uploads\/2024\/05\/cropped-Crete-Lovers-Logos-RVB_Principal-bicolore.png\",\"width\":2194,\"height\":745,\"caption\":\"Crete Lovers\"},\"image\":{\"@id\":\"https:\/\/cretelovers.com\/de\/#\/schema\/logo\/image\/\"}}]}<\/script>\n<!-- \/ Yoast SEO plugin. -->","yoast_head_json":{"title":"Allgemeine Gesch\u00e4ftsbedingungen - ebook","description":"Allgemeine Gesch\u00e4ftsbedingungen f\u00fcr den Verkauf unserer ebooks","robots":{"index":"index","follow":"follow","max-snippet":"max-snippet:-1","max-image-preview":"max-image-preview:large","max-video-preview":"max-video-preview:-1"},"canonical":"https:\/\/cretelovers.com\/de\/allgemeine-geschaftsbedingungen-verkauf-ebook\/","og_locale":"de_DE","og_type":"article","og_title":"Allgemeine Gesch\u00e4ftsbedingungen - ebook","og_description":"Allgemeine Gesch\u00e4ftsbedingungen f\u00fcr den Verkauf unserer ebooks","og_url":"https:\/\/cretelovers.com\/de\/allgemeine-geschaftsbedingungen-verkauf-ebook\/","og_site_name":"Crete Lovers","article_modified_time":"2025-01-21T09:31:03+00:00","twitter_card":"summary_large_image","twitter_misc":{"Gesch\u00e4tzte Lesezeit":"4 Minuten"},"schema":{"@context":"https:\/\/schema.org","@graph":[{"@type":"WebPage","@id":"https:\/\/cretelovers.com\/de\/allgemeine-geschaftsbedingungen-verkauf-ebook\/","url":"https:\/\/cretelovers.com\/de\/allgemeine-geschaftsbedingungen-verkauf-ebook\/","name":"Allgemeine Gesch\u00e4ftsbedingungen - ebook","isPartOf":{"@id":"https:\/\/cretelovers.com\/de\/#website"},"datePublished":"2024-05-08T12:58:49+00:00","dateModified":"2025-01-21T09:31:03+00:00","description":"Allgemeine Gesch\u00e4ftsbedingungen f\u00fcr den Verkauf unserer ebooks","breadcrumb":{"@id":"https:\/\/cretelovers.com\/de\/allgemeine-geschaftsbedingungen-verkauf-ebook\/#breadcrumb"},"inLanguage":"de-DE","potentialAction":[{"@type":"ReadAction","target":["https:\/\/cretelovers.com\/de\/allgemeine-geschaftsbedingungen-verkauf-ebook\/"]}]},{"@type":"BreadcrumbList","@id":"https:\/\/cretelovers.com\/de\/allgemeine-geschaftsbedingungen-verkauf-ebook\/#breadcrumb","itemListElement":[{"@type":"ListItem","position":1,"name":"Accueil","item":"https:\/\/cretelovers.com\/de\/"},{"@type":"ListItem","position":2,"name":"Allgemeine Gesch\u00e4ftsbedingungen &#8211; ebook"}]},{"@type":"WebSite","@id":"https:\/\/cretelovers.com\/de\/#website","url":"https:\/\/cretelovers.com\/de\/","name":"Crete Lovers","description":"","publisher":{"@id":"https:\/\/cretelovers.com\/de\/#organization"},"potentialAction":[{"@type":"SearchAction","target":{"@type":"EntryPoint","urlTemplate":"https:\/\/cretelovers.com\/de\/?s={search_term_string}"},"query-input":{"@type":"PropertyValueSpecification","valueRequired":true,"valueName":"search_term_string"}}],"inLanguage":"de-DE"},{"@type":"Organization","@id":"https:\/\/cretelovers.com\/de\/#organization","name":"Crete Lovers","url":"https:\/\/cretelovers.com\/de\/","logo":{"@type":"ImageObject","inLanguage":"de-DE","@id":"https:\/\/cretelovers.com\/de\/#\/schema\/logo\/image\/","url":"https:\/\/cretelovers.com\/wp-content\/uploads\/2024\/05\/cropped-Crete-Lovers-Logos-RVB_Principal-bicolore.png","contentUrl":"https:\/\/cretelovers.com\/wp-content\/uploads\/2024\/05\/cropped-Crete-Lovers-Logos-RVB_Principal-bicolore.png","width":2194,"height":745,"caption":"Crete Lovers"},"image":{"@id":"https:\/\/cretelovers.com\/de\/#\/schema\/logo\/image\/"}}]}},"featured_image_src":null,"featured_image_src_square":null,"_links":{"self":[{"href":"https:\/\/cretelovers.com\/de\/wp-json\/wp\/v2\/pages\/74","targetHints":{"allow":["GET"]}}],"collection":[{"href":"https:\/\/cretelovers.com\/de\/wp-json\/wp\/v2\/pages"}],"about":[{"href":"https:\/\/cretelovers.com\/de\/wp-json\/wp\/v2\/types\/page"}],"author":[{"embeddable":true,"href":"https:\/\/cretelovers.com\/de\/wp-json\/wp\/v2\/users\/1"}],"replies":[{"embeddable":true,"href":"https:\/\/cretelovers.com\/de\/wp-json\/wp\/v2\/comments?post=74"}],"version-history":[{"count":0,"href":"https:\/\/cretelovers.com\/de\/wp-json\/wp\/v2\/pages\/74\/revisions"}],"wp:attachment":[{"href":"https:\/\/cretelovers.com\/de\/wp-json\/wp\/v2\/media?parent=74"}],"curies":[{"name":"wp","href":"https:\/\/api.w.org\/{rel}","templated":true}]}}